{"id":884,"date":"2026-03-06T14:54:07","date_gmt":"2026-03-06T13:54:07","guid":{"rendered":"https:\/\/nova-fertighaus.ch\/?page_id=884"},"modified":"2026-03-16T06:58:47","modified_gmt":"2026-03-16T05:58:47","slug":"nutzungsbedingungen","status":"publish","type":"page","link":"https:\/\/nova-fertighaus.ch\/fr\/nutzungsbedingungen\/","title":{"rendered":"Conditions d'utilisation"},"content":{"rendered":"<style>.elementor-884 .elementor-element.elementor-element-3b26385{--display:flex;--flex-direction:column;--container-widget-width:100%;--container-widget-height:initial;--container-widget-flex-grow:0;--container-widget-align-self:initial;--flex-wrap-mobile:wrap;--overlay-opacity:0.5;--margin-top:0px;--margin-bottom:0px;--margin-left:0px;--margin-right:0px;--padding-top:0px;--padding-bottom:0px;--padding-left:0px;--padding-right:0px;}.elementor-884 .elementor-element.elementor-element-3b26385:not(.elementor-motion-effects-element-type-background), .elementor-884 .elementor-element.elementor-element-3b26385 > .elementor-motion-effects-container > .elementor-motion-effects-layer{background-color:var( --e-global-color-secondary );background-image:url(\"https:\/\/nova-fertighaus.ch\/wp-content\/uploads\/2026\/02\/casa-pre-fabricada-200.jpg\");background-position:center center;background-repeat:no-repeat;background-size:cover;}.elementor-884 .elementor-element.elementor-element-3b26385::before, .elementor-884 .elementor-element.elementor-element-3b26385 > .elementor-background-video-container::before, .elementor-884 .elementor-element.elementor-element-3b26385 > .e-con-inner > .elementor-background-video-container::before, .elementor-884 .elementor-element.elementor-element-3b26385 > .elementor-background-slideshow::before, .elementor-884 .elementor-element.elementor-element-3b26385 > .e-con-inner > .elementor-background-slideshow::before, .elementor-884 .elementor-element.elementor-element-3b26385 > .elementor-motion-effects-container > .elementor-motion-effects-layer::before{--background-overlay:'';background-color:#000000;}.elementor-884 .elementor-element.elementor-element-b8ffe70{--display:flex;--border-radius:20px 20px 20px 20px;--margin-top:0px;--margin-bottom:0px;--margin-left:0px;--margin-right:0px;--padding-top:100px;--padding-bottom:100px;--padding-left:32px;--padding-right:32px;}.elementor-884 .elementor-element.elementor-element-c99fd64{text-align:center;}.elementor-884 .elementor-element.elementor-element-c99fd64 .elementor-heading-title{font-family:\"Montserrat\", Sans-serif;font-size:75px;font-weight:600;text-transform:none;font-style:normal;text-decoration:none;line-height:83px;color:var( --e-global-color-primary );}.elementor-884 .elementor-element.elementor-element-c99fd64.elementor-element{--align-self:center;}.elementor-884 .elementor-element.elementor-element-202f2597{--display:flex;--flex-direction:column;--container-widget-width:100%;--container-widget-height:initial;--container-widget-flex-grow:0;--container-widget-align-self:initial;--flex-wrap-mobile:wrap;--gap:150px 150px;--row-gap:150px;--column-gap:150px;--margin-top:34px;--margin-bottom:0px;--margin-left:0px;--margin-right:0px;--padding-top:56px;--padding-bottom:56px;--padding-left:0px;--padding-right:0px;}.elementor-884 .elementor-element.elementor-element-1e8834f9{--display:flex;--flex-direction:row;--container-widget-width:initial;--container-widget-height:100%;--container-widget-flex-grow:1;--container-widget-align-self:stretch;--flex-wrap-mobile:wrap;--justify-content:space-between;--margin-top:0px;--margin-bottom:0px;--margin-left:0px;--margin-right:0px;--padding-top:0px;--padding-bottom:0px;--padding-left:0px;--padding-right:0px;}.elementor-884 .elementor-element.elementor-element-0ea2ac2{color:#000000;}@media(min-width:768px){.elementor-884 .elementor-element.elementor-element-3b26385{--content-width:1300px;}.elementor-884 .elementor-element.elementor-element-202f2597{--content-width:1300px;}}@media(max-width:1024px){.elementor-884 .elementor-element.elementor-element-3b26385{--padding-top:0px;--padding-bottom:0px;--padding-left:25px;--padding-right:25px;}.elementor-884 .elementor-element.elementor-element-c99fd64.elementor-element{--align-self:center;}.elementor-884 .elementor-element.elementor-element-202f2597{--padding-top:56px;--padding-bottom:56px;--padding-left:25px;--padding-right:25px;}}@media(max-width:767px){.elementor-884 .elementor-element.elementor-element-b8ffe70{--padding-top:100px;--padding-bottom:100px;--padding-left:0px;--padding-right:0px;}.elementor-884 .elementor-element.elementor-element-c99fd64{text-align:start;margin:0px 0px calc(var(--kit-widget-spacing, 0px) + 0px) 0px;padding:0px 0px 0px 0px;}.elementor-884 .elementor-element.elementor-element-c99fd64 .elementor-heading-title{font-size:28px;line-height:1.5em;}.elementor-884 .elementor-element.elementor-element-c99fd64.elementor-element{--align-self:flex-start;}.elementor-884 .elementor-element.elementor-element-1e8834f9{--flex-direction:column;--container-widget-width:100%;--container-widget-height:initial;--container-widget-flex-grow:0;--container-widget-align-self:initial;--flex-wrap-mobile:wrap;}.elementor-884 .elementor-element.elementor-element-0ea2ac2{font-size:15px;}}<\/style>\t\t<div data-elementor-type=\"wp-page\" data-elementor-id=\"884\" class=\"elementor elementor-884\" data-elementor-post-type=\"page\">\n\t\t\t\t<div class=\"elementor-element elementor-element-3b26385 e-flex e-con-boxed e-con e-parent\" data-id=\"3b26385\" data-element_type=\"container\" data-e-type=\"container\" data-settings=\"{&quot;background_background&quot;:&quot;classic&quot;}\">\n\t\t\t\t\t<div class=\"e-con-inner\">\n\t\t<div class=\"elementor-element elementor-element-b8ffe70 e-con-full e-flex e-con e-child\" data-id=\"b8ffe70\" data-element_type=\"container\" data-e-type=\"container\" data-settings=\"{&quot;background_background&quot;:&quot;classic&quot;}\">\n\t\t\t\t<div class=\"elementor-element elementor-element-c99fd64 elementor-invisible elementor-widget elementor-widget-heading\" data-id=\"c99fd64\" data-element_type=\"widget\" data-e-type=\"widget\" data-settings=\"{&quot;_animation&quot;:&quot;fadeInDown&quot;}\" data-widget_type=\"heading.default\">\n\t\t\t\t\t<h2 class=\"elementor-heading-title elementor-size-default\">Conditions d'utilisation<\/h2>\t\t\t\t<\/div>\n\t\t\t\t<\/div>\n\t\t\t\t\t<\/div>\n\t\t\t\t<\/div>\n\t\t<div class=\"elementor-element elementor-element-202f2597 e-flex e-con-boxed e-con e-parent\" data-id=\"202f2597\" data-element_type=\"container\" data-e-type=\"container\" data-settings=\"{&quot;background_background&quot;:&quot;classic&quot;}\">\n\t\t\t\t\t<div class=\"e-con-inner\">\n\t\t<div class=\"elementor-element elementor-element-1e8834f9 e-con-full e-flex e-con e-child\" data-id=\"1e8834f9\" data-element_type=\"container\" data-e-type=\"container\">\n\t\t\t\t<div class=\"elementor-element elementor-element-0ea2ac2 elementor-widget elementor-widget-text-editor\" data-id=\"0ea2ac2\" data-element_type=\"widget\" data-e-type=\"widget\" data-widget_type=\"text-editor.default\">\n\t\t\t\t\t\t\t\t\t<h3 data-section-id=\"hif92g\" data-start=\"264\" data-end=\"289\"><strong data-start=\"266\" data-end=\"289\">Conditions d'utilisation<\/strong><\/h3><h2 data-section-id=\"fubckd\" data-start=\"291\" data-end=\"316\"><strong data-start=\"294\" data-end=\"316\">1) Champ d'application<\/strong><\/h2><p data-start=\"317\" data-end=\"529\">Les pr\u00e9sentes conditions d'utilisation s'appliquent \u00e0 l'utilisation du site web et des services de notre entreprise. En acc\u00e9dant \u00e0 notre site, vous acceptez les conditions ci-dessous.<\/p><h2 data-section-id=\"147tor2\" data-start=\"531\" data-end=\"562\"><strong data-start=\"534\" data-end=\"562\">2. cahier des charges<\/strong><\/h2><p data-start=\"563\" data-end=\"789\">Notre entreprise propose des prestations de planification et de construction individuelles dans le domaine de la construction de maisons. Nous aidons les clients \u00e0 r\u00e9aliser leurs r\u00eaves d'habitat - du conseil \u00e0 la planification jusqu'\u00e0 la livraison cl\u00e9 en main.<\/p><p data-start=\"791\" data-end=\"927\">Toutes les informations pr\u00e9sent\u00e9es sur ce site sont fournies \u00e0 titre d'information g\u00e9n\u00e9rale et ne constituent pas une offre juridiquement contraignante.<\/p><h2 data-section-id=\"1ri57rt\" data-start=\"929\" data-end=\"958\"><strong data-start=\"932\" data-end=\"958\">3. utilisation du site web<\/strong><\/h2><p data-start=\"959\" data-end=\"1178\">Le contenu de ce site web est exclusivement destin\u00e9 \u00e0 un usage personnel et informatif. Toute utilisation commerciale, reproduction ou transmission de contenus sans autorisation \u00e9crite est interdite.<\/p><h2 data-section-id=\"hqnhe1\" data-start=\"1180\" data-end=\"1215\"><strong data-start=\"1183\" data-end=\"1215\">4. planification et travaux de construction<\/strong><\/h2><p data-start=\"1216\" data-end=\"1460\">Les projets, visualisations et concepts pr\u00e9sent\u00e9s servent d'exemples. Les projets de construction individuels sont planifi\u00e9s et r\u00e9alis\u00e9s sur la base des exigences du client, des r\u00e9glementations locales en mati\u00e8re de construction et des possibilit\u00e9s techniques.<\/p><p data-start=\"1462\" data-end=\"1566\">Un contrat contraignant n'est conclu qu'apr\u00e8s confirmation \u00e9crite et signature du contrat.<\/p><h2 data-section-id=\"8r1qdo\" data-start=\"1568\" data-end=\"1596\"><strong data-start=\"1571\" data-end=\"1596\">5) Clause de non-responsabilit\u00e9<\/strong><\/h2><p data-start=\"1597\" data-end=\"1732\">Nous ne garantissons pas l'actualit\u00e9, l'exhaustivit\u00e9 ou l'exactitude des informations fournies sur ce site.<\/p><p data-start=\"1734\" data-end=\"1922\">Nous d\u00e9clinons toute responsabilit\u00e9 pour les dommages r\u00e9sultant de l'utilisation ou de la non-utilisation des contenus propos\u00e9s, dans la mesure o\u00f9 il n'y a pas eu de faute intentionnelle ou de n\u00e9gligence grave.<\/p><h2 data-section-id=\"jkecd7\" data-start=\"1924\" data-end=\"1947\"><strong data-start=\"1927\" data-end=\"1947\">6. liens externes<\/strong><\/h2><p data-start=\"1948\" data-end=\"2111\">Notre site web peut contenir des liens vers des sites web externes de tiers. Nous n'avons aucune influence sur leur contenu et n'assumons donc aucune responsabilit\u00e9 pour les contenus \u00e9trangers.<\/p><h2 data-section-id=\"p6oyob\" data-start=\"2113\" data-end=\"2135\"><strong data-start=\"2116\" data-end=\"2135\">7. droit d'auteur<\/strong><\/h2><p data-start=\"2136\" data-end=\"2313\">Tous les contenus, textes, images, graphiques et designs de ce site web sont soumis au droit d'auteur. Leur utilisation sans autorisation \u00e9crite expresse est interdite.<\/p><h2 data-section-id=\"o2phka\" data-start=\"2315\" data-end=\"2336\"><strong data-start=\"2318\" data-end=\"2336\">8. protection des donn\u00e9es<\/strong><\/h2><p data-start=\"2337\" data-end=\"2488\">La protection de vos donn\u00e9es personnelles est importante pour nous. Vous trouverez des informations sur le traitement des donn\u00e9es personnelles dans notre d\u00e9claration de protection des donn\u00e9es.<\/p><h2 data-section-id=\"19v0hcx\" data-start=\"2490\" data-end=\"2534\"><strong data-start=\"2493\" data-end=\"2534\">9. modifications des conditions d'utilisation<\/strong><\/h2><p data-start=\"2535\" data-end=\"2640\">Nous nous r\u00e9servons le droit de modifier les pr\u00e9sentes conditions d'utilisation \u00e0 tout moment et sans pr\u00e9avis.<\/p><h2 data-section-id=\"1osla9e\" data-start=\"2642\" data-end=\"2670\"><strong data-start=\"2645\" data-end=\"2670\">10) Droit applicable<\/strong><\/h2><p data-start=\"2671\" data-end=\"2797\">Le droit applicable est celui de la R\u00e9publique f\u00e9d\u00e9rale d'Allemagne. Le tribunal comp\u00e9tent est celui du si\u00e8ge de notre entreprise, dans la mesure o\u00f9 la loi le permet.<\/p><p>Lorem ipsum dolor sit amet, consectetur adipiscing elit. Ut elit tellus, luctus nec ullamcorper mattis, pulvinar dapibus leo.<\/p>\t\t\t\t\t\t\t\t<\/div>\n\t\t\t\t<\/div>\n\t\t\t\t\t<\/div>\n\t\t\t\t<\/div>\n\t\t\t\t<\/div>","protected":false},"excerpt":{"rendered":"<p>Nutzungsbedingungen Nutzungsbedingungen 1. Geltungsbereich Diese Nutzungsbedingungen gelten f\u00fcr die Nutzung der Website und der Dienstleistungen von unserem Unternehmen. Mit dem Zugriff auf unsere Website erkl\u00e4ren Sie sich mit den nachstehenden Bedingungen einverstanden. 2. Leistungsbeschreibung Unser Unternehmen bietet individuelle Planungs- und Bauleistungen im Bereich Hausbau an. Wir unterst\u00fctzen Kunden bei der Realisierung ihrer Wohntr\u00e4ume \u2013 von [&hellip;]<\/p>\n","protected":false},"author":2,"featured_media":0,"parent":0,"menu_order":0,"comment_status":"closed","ping_status":"closed","template":"elementor_header_footer","meta":{"footnotes":""},"class_list":["post-884","page","type-page","status-publish","hentry"],"_links":{"self":[{"href":"https:\/\/nova-fertighaus.ch\/fr\/wp-json\/wp\/v2\/pages\/884","targetHints":{"allow":["GET"]}}],"collection":[{"href":"https:\/\/nova-fertighaus.ch\/fr\/wp-json\/wp\/v2\/pages"}],"about":[{"href":"https:\/\/nova-fertighaus.ch\/fr\/wp-json\/wp\/v2\/types\/page"}],"author":[{"embeddable":true,"href":"https:\/\/nova-fertighaus.ch\/fr\/wp-json\/wp\/v2\/users\/2"}],"replies":[{"embeddable":true,"href":"https:\/\/nova-fertighaus.ch\/fr\/wp-json\/wp\/v2\/comments?post=884"}],"version-history":[{"count":37,"href":"https:\/\/nova-fertighaus.ch\/fr\/wp-json\/wp\/v2\/pages\/884\/revisions"}],"predecessor-version":[{"id":1926,"href":"https:\/\/nova-fertighaus.ch\/fr\/wp-json\/wp\/v2\/pages\/884\/revisions\/1926"}],"wp:attachment":[{"href":"https:\/\/nova-fertighaus.ch\/fr\/wp-json\/wp\/v2\/media?parent=884"}],"curies":[{"name":"wp","href":"https:\/\/api.w.org\/{rel}","templated":true}]}}